{"id":5,"date":"2023-01-29T17:04:01","date_gmt":"2023-01-29T17:04:01","guid":{"rendered":"https:\/\/verenabuehl.ch\/?page_id=5"},"modified":"2023-01-29T18:15:50","modified_gmt":"2023-01-29T18:15:50","slug":"lektorat-textredaktion-verena-buehl","status":"publish","type":"page","link":"https:\/\/verenabuehl.ch\/","title":{"rendered":"Willkommen"},"content":{"rendered":"\n<h3 class=\"wp-block-heading\">Lektorat und Textredaktion: <br>So arbeite ich<\/h3>\n\n\n\n<p>Ich \u00fcberarbeite Texte auf vielerlei Ebenen: gr\u00fcndlich korrigieren, k\u00fcrzen und straffen oder auch mal verl\u00e4ngern, vereinheitlichen oder mehr Abwechslung hineinbringen, den Stil gl\u00e4nzen und die Worte flie\u00dfen lassen, stolpernde \u00dcbersetzungen wieder sicher auf die Beine stellen, inhaltlich Unstimmiges entdecken, entwirren, recherchieren und daf\u00fcr sorgen, dass das Lesen Freude macht. <\/p>\n\n\n\n<p>Dabei nehme ich nicht nur den Text wichtig, sondern auch dessen Autor*in \u2013 denn was h\u00e4tten Sie davon, wenn das fertige St\u00fcck glatt, strahlend und wunderbar lesbar w\u00e4re, aber so gar nicht mehr Ihrer Pers\u00f6nlichkeit, Ihrem Stil entspr\u00e4che? Mein Handwerkszeug fu\u00dft darum nicht nur auf einer soliden Ausbildung und viel Erfahrung, sondern auch auf der Bereitschaft, mich in immer wieder neue Themen und eben auch Menschen hineinzudenken. Das mache ich ausgesprochen gern.<\/p>\n\n\n\n<h4 class=\"wp-block-heading\">Kalkulationshilfe f\u00fcr Auftr\u00e4ge<\/h4>\n\n\n\n<p>Welche Textmenge ich in einer Arbeitsstunde in die gew\u00fcnschte Form bringen kann, h\u00e4ngt vom Umfang des Auftrags ab&nbsp;\u2013 also davon, ob es um eine stilistische \u00dcberarbeitung geht oder um eine einfache Korrektur, um die Anpassung einer \u00dcbersetzung oder Recherchen zur Erweiterung eines bestehenden Textes.<\/p>\n\n\n\n<p>Zur Orientierung:<\/p>\n\n\n\n<ul class=\"wp-block-list\">\n<li>Korrekturlesen (Rechtschreibung, Zeichensetzung und Grammatik nach Duden, zus\u00e4tzlich Ber\u00fccksichtigung individueller Vorgaben und Schreibweisen): <em>6800\u20138500 Zeichen Text (inkl. Leerzeichen) je Stunde<\/em><\/li>\n<\/ul>\n\n\n\n<ul class=\"wp-block-list\">\n<li>\u00dcberarbeitung von Stil, Ausdruck, Aufbau, Textfluss (Korrekturlesen inbegriffen): <em>5100\u20135950 Zeichen Text (inkl. Leerzeichen) je Stunde<\/em><\/li>\n<\/ul>\n\n\n\n<ul class=\"wp-block-list\">\n<li>Umfangreiche \u00dcberarbeitungen wie das Anpassen einer \u00dcbersetzung ins Deutsche, das K\u00fcrzen\/Verl\u00e4ngern eines Textes, thematische Recherchen, das \u00dcberpr\u00fcfen oder der Abgleich von Inhalten (Korrekturlesen inbegriffen): <em>2550\u20134250 Zeichen Text (inkl. Leerzeichen) je Stunde<\/em><\/li>\n<\/ul>\n\n\n\n<h3 class=\"wp-block-heading\">Referenzen<\/h3>\n\n\n\n<ul class=\"wp-block-list\">\n<li><a rel=\"noreferrer noopener\" href=\"https:\/\/www.annetteschindler.ch\/\" target=\"_blank\">Anne<\/a><a href=\"https:\/\/www.annetteschindler.ch\/\" target=\"_blank\" rel=\"noreferrer noopener\">tte Schindler Culture Services<\/a><\/li>\n\n\n\n<li><a rel=\"noreferrer noopener\" href=\"http:\/\/www.fantoche.ch\" data-type=\"URL\" data-id=\"www.fantoche.ch\" target=\"_blank\">Fantoche \u2013 Internationales Festival f\u00fcr Animationsfilm, Baden<\/a><\/li>\n\n\n\n<li><a rel=\"noreferrer noopener\" href=\"http:\/\/www.filasez.ch\" data-type=\"URL\" data-id=\"www.filasez.ch\" target=\"_blank\">Filasez, Schule Winterthur<\/a><\/li>\n\n\n\n<li><a rel=\"noreferrer noopener\" href=\"http:\/\/www.fliegercorti.ch\" data-type=\"URL\" data-id=\"www.fliegercorti.ch\" target=\"_blank\">Flieger&amp;Corti, Winterthur<\/a><\/li>\n\n\n\n<li><a rel=\"noreferrer noopener\" href=\"http:\/\/www.gaswerk.ch\" data-type=\"URL\" data-id=\"www.gaswerk.ch\" target=\"_blank\">Gaswerk Kulturzentrum, Winterthur<\/a><\/li>\n\n\n\n<li><a href=\"http:\/\/www.herzogundvombach.com\" data-type=\"URL\" data-id=\"www.herzogundvombach.com\" target=\"_blank\" rel=\"noreferrer noopener\">Herzog &amp; Vombach, Winterthur<\/a><\/li>\n<\/ul>\n","protected":false},"excerpt":{"rendered":"<p>Lektorat und Textredaktion: So arbeite ich Ich \u00fcberarbeite Texte auf vielerlei Ebenen: gr\u00fcndlich korrigieren, k\u00fcrzen und straffen oder auch mal verl\u00e4ngern, vereinheitlichen oder mehr Abwechslung hineinbringen, den Stil gl\u00e4nzen und die Worte flie\u00dfen lassen, stolpernde \u00dcbersetzungen wieder sicher auf die Beine stellen, inhaltlich Unstimmiges entdecken, entwirren, recherchieren und daf\u00fcr sorgen, dass das Lesen Freude macht. [&hellip;]<\/p>\n","protected":false},"author":1,"featured_media":0,"parent":0,"menu_order":1,"comment_status":"closed","ping_status":"closed","template":"","meta":{"footnotes":""},"class_list":["post-5","page","type-page","status-publish","hentry"],"_links":{"self":[{"href":"https:\/\/verenabuehl.ch\/index.php\/wp-json\/wp\/v2\/pages\/5","targetHints":{"allow":["GET"]}}],"collection":[{"href":"https:\/\/verenabuehl.ch\/index.php\/wp-json\/wp\/v2\/pages"}],"about":[{"href":"https:\/\/verenabuehl.ch\/index.php\/wp-json\/wp\/v2\/types\/page"}],"author":[{"embeddable":true,"href":"https:\/\/verenabuehl.ch\/index.php\/wp-json\/wp\/v2\/users\/1"}],"replies":[{"embeddable":true,"href":"https:\/\/verenabuehl.ch\/index.php\/wp-json\/wp\/v2\/comments?post=5"}],"version-history":[{"count":10,"href":"https:\/\/verenabuehl.ch\/index.php\/wp-json\/wp\/v2\/pages\/5\/revisions"}],"predecessor-version":[{"id":38,"href":"https:\/\/verenabuehl.ch\/index.php\/wp-json\/wp\/v2\/pages\/5\/revisions\/38"}],"wp:attachment":[{"href":"https:\/\/verenabuehl.ch\/index.php\/wp-json\/wp\/v2\/media?parent=5"}],"curies":[{"name":"wp","href":"https:\/\/api.w.org\/{rel}","templated":true}]}}